{"id":12,"date":"2021-11-16T11:42:44","date_gmt":"2021-11-16T10:42:44","guid":{"rendered":"http:\/\/makalo.site\/?page_id=12"},"modified":"2025-10-28T18:52:06","modified_gmt":"2025-10-28T17:52:06","slug":"a-propos-de","status":"publish","type":"page","link":"https:\/\/makalo.site\/?page_id=12","title":{"rendered":"L&rsquo;artiste"},"content":{"rendered":"\t\t<div data-elementor-type=\"wp-page\" data-elementor-id=\"12\" class=\"elementor elementor-12\">\n\t\t\t\t\t\t<section class=\"elementor-section elementor-top-section elementor-element elementor-element-bce426c elementor-section-full_width elementor-section-height-default elementor-section-height-default\" data-id=\"bce426c\" data-element_type=\"section\">\n\t\t\t\t\t\t<div class=\"elementor-container elementor-column-gap-default\">\n\t\t\t\t\t<div class=\"elementor-column elementor-col-66 elementor-top-column elementor-element elementor-element-c65bc10\" data-id=\"c65bc10\" data-element_type=\"column\">\n\t\t\t<div class=\"elementor-widget-wrap elementor-element-populated\">\n\t\t\t\t\t\t<div class=\"elementor-element elementor-element-fe7bd94 e-transform e-transform elementor-widget elementor-widget-heading\" data-id=\"fe7bd94\" data-element_type=\"widget\" data-settings=\"{&quot;_transform_rotateZ_effect&quot;:{&quot;unit&quot;:&quot;px&quot;,&quot;size&quot;:0,&quot;sizes&quot;:[]},&quot;_transform_scaleX_effect&quot;:{&quot;unit&quot;:&quot;px&quot;,&quot;size&quot;:0.7,&quot;sizes&quot;:[]},&quot;_transform_scaleY_effect&quot;:{&quot;unit&quot;:&quot;px&quot;,&quot;size&quot;:0.9,&quot;sizes&quot;:[]},&quot;_transform_rotateZ_effect_tablet&quot;:{&quot;unit&quot;:&quot;deg&quot;,&quot;size&quot;:&quot;&quot;,&quot;sizes&quot;:[]},&quot;_transform_rotateZ_effect_mobile&quot;:{&quot;unit&quot;:&quot;deg&quot;,&quot;size&quot;:&quot;&quot;,&quot;sizes&quot;:[]},&quot;_transform_scaleX_effect_tablet&quot;:{&quot;unit&quot;:&quot;px&quot;,&quot;size&quot;:&quot;&quot;,&quot;sizes&quot;:[]},&quot;_transform_scaleX_effect_mobile&quot;:{&quot;unit&quot;:&quot;px&quot;,&quot;size&quot;:&quot;&quot;,&quot;sizes&quot;:[]},&quot;_transform_scaleY_effect_tablet&quot;:{&quot;unit&quot;:&quot;px&quot;,&quot;size&quot;:&quot;&quot;,&quot;sizes&quot;:[]},&quot;_transform_scaleY_effect_mobile&quot;:{&quot;unit&quot;:&quot;px&quot;,&quot;size&quot;:&quot;&quot;,&quot;sizes&quot;:[]}}\" data-widget_type=\"heading.default\">\n\t\t\t\t<div class=\"elementor-widget-container\">\n\t\t\t\t\t<h2 class=\"elementor-heading-title elementor-size-xl\">en savoir plus <br>sur MaKaLo ?<br><br><\/h2>\t\t\t\t<\/div>\n\t\t\t\t<\/div>\n\t\t\t\t\t<\/div>\n\t\t<\/div>\n\t\t\t\t<div class=\"elementor-column elementor-col-33 elementor-top-column elementor-element elementor-element-a78e085\" data-id=\"a78e085\" data-element_type=\"column\">\n\t\t\t<div class=\"elementor-widget-wrap elementor-element-populated\">\n\t\t\t\t\t\t<div class=\"elementor-element elementor-element-1c75a53 elementor-widget elementor-widget-image\" data-id=\"1c75a53\" data-element_type=\"widget\" data-widget_type=\"image.default\">\n\t\t\t\t<div class=\"elementor-widget-container\">\n\t\t\t\t\t\t\t\t\t\t\t\t\t\t\t<img decoding=\"async\" width=\"113\" height=\"150\" src=\"https:\/\/makalo.site\/wp-content\/uploads\/2021\/12\/cropped-MAKALO-113x150.jpg\" class=\"attachment-thumbnail size-thumbnail wp-image-1537\" alt=\"\" srcset=\"https:\/\/makalo.site\/wp-content\/uploads\/2021\/12\/cropped-MAKALO-113x150.jpg 113w, https:\/\/makalo.site\/wp-content\/uploads\/2021\/12\/cropped-MAKALO.jpg 221w\" sizes=\"(max-width: 113px) 100vw, 113px\" \/>\t\t\t\t\t\t\t\t\t\t\t\t\t\t\t<\/div>\n\t\t\t\t<\/div>\n\t\t\t\t\t<\/div>\n\t\t<\/div>\n\t\t\t\t\t<\/div>\n\t\t<\/section>\n\t\t\t\t<section class=\"elementor-section elementor-top-section elementor-element elementor-element-ed672db elementor-section-stretched elementor-section-boxed elementor-section-height-default elementor-section-height-default\" data-id=\"ed672db\" data-element_type=\"section\" data-settings=\"{&quot;stretch_section&quot;:&quot;section-stretched&quot;}\">\n\t\t\t\t\t\t<div class=\"elementor-container elementor-column-gap-default\">\n\t\t\t\t\t<div class=\"elementor-column elementor-col-33 elementor-top-column elementor-element elementor-element-023f030\" data-id=\"023f030\" data-element_type=\"column\">\n\t\t\t<div class=\"elementor-widget-wrap elementor-element-populated\">\n\t\t\t\t\t\t<div class=\"elementor-element elementor-element-e487a45 elementor-widget elementor-widget-heading\" data-id=\"e487a45\" data-element_type=\"widget\" data-widget_type=\"heading.default\">\n\t\t\t\t<div class=\"elementor-widget-container\">\n\t\t\t\t\t<h2 class=\"elementor-heading-title elementor-size-default\">Rapport a la peinture<\/h2>\t\t\t\t<\/div>\n\t\t\t\t<\/div>\n\t\t\t\t\t<\/div>\n\t\t<\/div>\n\t\t\t\t<div class=\"elementor-column elementor-col-33 elementor-top-column elementor-element elementor-element-d9bd329\" data-id=\"d9bd329\" data-element_type=\"column\">\n\t\t\t<div class=\"elementor-widget-wrap elementor-element-populated\">\n\t\t\t\t\t\t<div class=\"elementor-element elementor-element-c588b96 elementor-widget elementor-widget-heading\" data-id=\"c588b96\" data-element_type=\"widget\" data-widget_type=\"heading.default\">\n\t\t\t\t<div class=\"elementor-widget-container\">\n\t\t\t\t\t<h2 class=\"elementor-heading-title elementor-size-default\">Le collage artistique<\/h2>\t\t\t\t<\/div>\n\t\t\t\t<\/div>\n\t\t\t\t\t<\/div>\n\t\t<\/div>\n\t\t\t\t<div class=\"elementor-column elementor-col-33 elementor-top-column elementor-element elementor-element-aef3fa7\" data-id=\"aef3fa7\" data-element_type=\"column\">\n\t\t\t<div class=\"elementor-widget-wrap elementor-element-populated\">\n\t\t\t\t\t\t<div class=\"elementor-element elementor-element-b9acadb elementor-widget elementor-widget-heading\" data-id=\"b9acadb\" data-element_type=\"widget\" data-widget_type=\"heading.default\">\n\t\t\t\t<div class=\"elementor-widget-container\">\n\t\t\t\t\t<h2 class=\"elementor-heading-title elementor-size-default\">Visite du site\n\n<\/h2>\t\t\t\t<\/div>\n\t\t\t\t<\/div>\n\t\t\t\t\t<\/div>\n\t\t<\/div>\n\t\t\t\t\t<\/div>\n\t\t<\/section>\n\t\t\t\t<section class=\"elementor-section elementor-top-section elementor-element elementor-element-4812491 elementor-section-stretched elementor-section-boxed elementor-section-height-default elementor-section-height-default\" data-id=\"4812491\" data-element_type=\"section\" data-settings=\"{&quot;stretch_section&quot;:&quot;section-stretched&quot;}\">\n\t\t\t\t\t\t<div class=\"elementor-container elementor-column-gap-default\">\n\t\t\t\t\t<div class=\"elementor-column elementor-col-33 elementor-top-column elementor-element elementor-element-5cb9061\" data-id=\"5cb9061\" data-element_type=\"column\">\n\t\t\t<div class=\"elementor-widget-wrap elementor-element-populated\">\n\t\t\t\t<br \/>\n<b>Deprecated<\/b>:  Creation of dynamic property OMAPI_Elementor_Widget::$base is deprecated in <b>\/home\/u808594998\/domains\/makalo.site\/public_html\/wp-content\/plugins\/optinmonster\/OMAPI\/Elementor\/Widget.php<\/b> on line <b>41<\/b><br \/>\n\t\t<div class=\"elementor-element elementor-element-41d593f elementor-widget elementor-widget-text-editor\" data-id=\"41d593f\" data-element_type=\"widget\" data-widget_type=\"text-editor.default\">\n\t\t\t\t<div class=\"elementor-widget-container\">\n\t\t\t\t\t\t\t\t\t<p>ll \u00e9tait une fois &#8230; une envie de peindre irr\u00e9sistible !<\/p><p>J\u2019ai commenc\u00e9 \u00e0 peindre \u00e0 l&rsquo;\u00e2ge de 20 ans, en tendant un drap sur un cadre fait maison, et en prenant de la peinture \u00e0 b\u00e2timent en stock dans le garage.<\/p><p align=\"JUSTIFY\">Depuis, je n\u2019ai pas cess\u00e9 de peindre, au gr\u00e9 d\u2019un besoin de travail de la mati\u00e8res, de m\u00e9lange et de couleurs, de contact des pinceaux sur la toile.<\/p><p align=\"JUSTIFY\">Autodidacte, j\u2019ai aussi suivi pendant 3 ans un atelier de peinture au Beaux Arts de Grenoble, apr\u00e8s 20 ans de travail personnel et un prix du G.R.A.A.L., lors d&rsquo;un concours de jeunes cr\u00e9ateurs en 1993.<\/p><p align=\"JUSTIFY\">Pour commencer un tableau, je me laisse juste porter par une envie de couleurs et de formes, et je fais surgir sur la toile une \u00e9motion, une \u00e9nergie. J\u2019utilise de pr\u00e9f\u00e9rence l\u2019acrylique car je veux pouvoir travailler sur l&rsquo;instant, avec le ressenti du moment.<\/p><p align=\"JUSTIFY\">\u00a0<\/p>\t\t\t\t\t\t\t\t<\/div>\n\t\t\t\t<\/div>\n\t\t\t\t\t<\/div>\n\t\t<\/div>\n\t\t\t\t<div class=\"elementor-column elementor-col-33 elementor-top-column elementor-element elementor-element-460fe89\" data-id=\"460fe89\" data-element_type=\"column\">\n\t\t\t<div class=\"elementor-widget-wrap elementor-element-populated\">\n\t\t\t\t\t\t<div class=\"elementor-element elementor-element-14f8f61 elementor-widget elementor-widget-text-editor\" data-id=\"14f8f61\" data-element_type=\"widget\" data-widget_type=\"text-editor.default\">\n\t\t\t\t<div class=\"elementor-widget-container\">\n\t\t\t\t\t\t\t\t\t<p align=\"JUSTIFY\">A partir de 2018 j&rsquo;ai orient\u00e9 mon travail vers le collage, aussi bien sur toile, que sur contreplaqu\u00e9 ou papier. La m\u00e9thodologie de travail est un peu diff\u00e9rente, puisque je pars d&rsquo;un morceau de d\u00e9coupage, donc d&rsquo;un fragment visuel existant, pour construire un contenu plus au moins homog\u00e8ne ou d\u00e9structur\u00e9, un monde parall\u00e8le souvent onirique. J&rsquo;aborde la technique du collage artistique comme un entre deux entre la peinture et la photographie. C&rsquo;est toujours un travail de pr\u00e9cision, de raccords, de d\u00e9tails. Mais j&rsquo;ajoute souvent un deuxi\u00e8me d\u00e9gr\u00e9 de lecture, un d\u00e9calage dans les plans, un d\u00e9tail incongru. J&rsquo;aime aussi intervertir ou d\u00e9tourner les mati\u00e8res, les formes.<span style=\"color: #000000;\"><span style=\"font-family: Calibri, sans-serif;\"><span style=\"font-size: medium;\"> <br \/><\/span><\/span><\/span><\/p>\t\t\t\t\t\t\t\t<\/div>\n\t\t\t\t<\/div>\n\t\t\t\t\t<\/div>\n\t\t<\/div>\n\t\t\t\t<div class=\"elementor-column elementor-col-33 elementor-top-column elementor-element elementor-element-c0a4279\" data-id=\"c0a4279\" data-element_type=\"column\">\n\t\t\t<div class=\"elementor-widget-wrap elementor-element-populated\">\n\t\t\t\t\t\t<div class=\"elementor-element elementor-element-afef00b elementor-widget elementor-widget-text-editor\" data-id=\"afef00b\" data-element_type=\"widget\" data-widget_type=\"text-editor.default\">\n\t\t\t\t<div class=\"elementor-widget-container\">\n\t\t\t\t\t\t\t\t\t<p>Aujourd&rsquo;hui je travaille \u00e0 la fois la peinture et le collage, selon l&rsquo;inspiration et la mati\u00e8re \u00e0 ma disposition.<\/p><p>Je vous souhaite un beau voyage dans mon univers color\u00e9\u2026<\/p><p>\u00a0 \u00a0 \u00a0 \u00a0 \u00a0 \u00a0 \u00a0 \u00a0 \u00a0 \u00a0 \u00a0 \u00a0 \u00a0 \u00a0 \u00a0 \u00a0 \u00a0 \u00a0 \u00a0 \u00a0 \u00a0 \u00a0 \u00a0 \u00a0 \u00a0 \u00a0 \u00a0 \u00a0 MaKaLo<\/p>\t\t\t\t\t\t\t\t<\/div>\n\t\t\t\t<\/div>\n\t\t\t\t\t<\/div>\n\t\t<\/div>\n\t\t\t\t\t<\/div>\n\t\t<\/section>\n\t\t\t\t<\/div>\n\t\t","protected":false},"excerpt":{"rendered":"<p>en savoir plus sur MaKaLo ? Rapport a la peinture Le collage artistique Visite du site ll \u00e9tait une fois &#8230; une envie de peindre irr\u00e9sistible ! J\u2019ai commenc\u00e9 \u00e0 peindre \u00e0 l&rsquo;\u00e2ge de 20 ans, en tendant un drap sur un cadre fait maison, et en prenant de la peinture \u00e0 b\u00e2timent en stock [&hellip;]<\/p>\n","protected":false},"author":1,"featured_media":0,"parent":11,"menu_order":0,"comment_status":"closed","ping_status":"closed","template":"","meta":{"om_disable_all_campaigns":false,"_monsterinsights_skip_tracking":false,"_monsterinsights_sitenote_active":false,"_monsterinsights_sitenote_note":"","_monsterinsights_sitenote_category":0,"footnotes":""},"class_list":["post-12","page","type-page","status-publish","hentry"],"aioseo_notices":[],"_links":{"self":[{"href":"https:\/\/makalo.site\/index.php?rest_route=\/wp\/v2\/pages\/12","targetHints":{"allow":["GET"]}}],"collection":[{"href":"https:\/\/makalo.site\/index.php?rest_route=\/wp\/v2\/pages"}],"about":[{"href":"https:\/\/makalo.site\/index.php?rest_route=\/wp\/v2\/types\/page"}],"author":[{"embeddable":true,"href":"https:\/\/makalo.site\/index.php?rest_route=\/wp\/v2\/users\/1"}],"replies":[{"embeddable":true,"href":"https:\/\/makalo.site\/index.php?rest_route=%2Fwp%2Fv2%2Fcomments&post=12"}],"version-history":[{"count":300,"href":"https:\/\/makalo.site\/index.php?rest_route=\/wp\/v2\/pages\/12\/revisions"}],"predecessor-version":[{"id":5935,"href":"https:\/\/makalo.site\/index.php?rest_route=\/wp\/v2\/pages\/12\/revisions\/5935"}],"up":[{"embeddable":true,"href":"https:\/\/makalo.site\/index.php?rest_route=\/wp\/v2\/pages\/11"}],"wp:attachment":[{"href":"https:\/\/makalo.site\/index.php?rest_route=%2Fwp%2Fv2%2Fmedia&parent=12"}],"curies":[{"name":"wp","href":"https:\/\/api.w.org\/{rel}","templated":true}]}}