{"id":5588,"date":"2024-12-02T15:47:12","date_gmt":"2024-12-02T14:47:12","guid":{"rendered":"https:\/\/makalo.site\/?page_id=5588"},"modified":"2024-12-16T14:21:29","modified_gmt":"2024-12-16T13:21:29","slug":"peinture-non-figurative","status":"publish","type":"page","link":"https:\/\/makalo.site\/?page_id=5588","title":{"rendered":"Peinture non figurative"},"content":{"rendered":"\t\t<div data-elementor-type=\"wp-page\" data-elementor-id=\"5588\" class=\"elementor elementor-5588\">\n\t\t\t\t\t\t<section class=\"elementor-section elementor-top-section elementor-element elementor-element-83a3c7c elementor-section-boxed elementor-section-height-default elementor-section-height-default\" data-id=\"83a3c7c\" data-element_type=\"section\">\n\t\t\t\t\t\t<div class=\"elementor-container elementor-column-gap-default\">\n\t\t\t\t\t<div class=\"elementor-column elementor-col-100 elementor-top-column elementor-element elementor-element-281b3a8\" data-id=\"281b3a8\" data-element_type=\"column\">\n\t\t\t<div class=\"elementor-widget-wrap elementor-element-populated\">\n\t\t\t\t\t\t<div class=\"elementor-element elementor-element-11ee67e elementor-widget elementor-widget-image-gallery\" data-id=\"11ee67e\" data-element_type=\"widget\" data-widget_type=\"image-gallery.default\">\n\t\t\t\t<div class=\"elementor-widget-container\">\n\t\t\t\t\t\t\t<div class=\"elementor-image-gallery\">\n\t\t\t<div id='gallery-5' class='gallery galleryid-5588 gallery-columns-2 gallery-size-medium'><figure class='gallery-item'>\n\t\t\t<div class='gallery-icon portrait'>\n\t\t\t\t<a data-elementor-open-lightbox=\"yes\" data-elementor-lightbox-slideshow=\"11ee67e\" data-elementor-lightbox-title=\"Pops-Carmen-65x81-1\" data-e-action-hash=\"#elementor-action%3Aaction%3Dlightbox%26settings%3DeyJpZCI6Mjk5LCJ1cmwiOiJodHRwczpcL1wvbWFrYWxvLnNpdGVcL3dwLWNvbnRlbnRcL3VwbG9hZHNcLzIwMjFcLzEyXC9Qb3BzLUNhcm1lbi02NXg4MS0xLXNjYWxlZC5qcGciLCJzbGlkZXNob3ciOiIxMWVlNjdlIn0%3D\" href='https:\/\/makalo.site\/wp-content\/uploads\/2021\/12\/Pops-Carmen-65x81-1-scaled.jpg'><img fetchpriority=\"high\" decoding=\"async\" width=\"242\" height=\"300\" src=\"https:\/\/makalo.site\/wp-content\/uploads\/2021\/12\/Pops-Carmen-65x81-1-242x300.jpg\" class=\"attachment-medium size-medium\" alt=\"\" aria-describedby=\"gallery-5-299\" srcset=\"https:\/\/makalo.site\/wp-content\/uploads\/2021\/12\/Pops-Carmen-65x81-1-242x300.jpg 242w, https:\/\/makalo.site\/wp-content\/uploads\/2021\/12\/Pops-Carmen-65x81-1-827x1024.jpg 827w, https:\/\/makalo.site\/wp-content\/uploads\/2021\/12\/Pops-Carmen-65x81-1-768x951.jpg 768w, https:\/\/makalo.site\/wp-content\/uploads\/2021\/12\/Pops-Carmen-65x81-1-1241x1536.jpg 1241w, https:\/\/makalo.site\/wp-content\/uploads\/2021\/12\/Pops-Carmen-65x81-1-1655x2048.jpg 1655w, https:\/\/makalo.site\/wp-content\/uploads\/2021\/12\/Pops-Carmen-65x81-1-1200x1485.jpg 1200w, https:\/\/makalo.site\/wp-content\/uploads\/2021\/12\/Pops-Carmen-65x81-1-1980x2451.jpg 1980w\" sizes=\"(max-width: 242px) 100vw, 242px\" \/><\/a>\n\t\t\t<\/div>\n\t\t\t\t<figcaption class='wp-caption-text gallery-caption' id='gallery-5-299'>\n\t\t\t\tPops-Carmen 65&#215;81\n\t\t\t\t<\/figcaption><\/figure><figure class='gallery-item'>\n\t\t\t<div class='gallery-icon landscape'>\n\t\t\t\t<a data-elementor-open-lightbox=\"yes\" data-elementor-lightbox-slideshow=\"11ee67e\" data-elementor-lightbox-title=\"Figures g\u00e9om\u00e9triques 67x67\" data-e-action-hash=\"#elementor-action%3Aaction%3Dlightbox%26settings%3DeyJpZCI6ODU3LCJ1cmwiOiJodHRwczpcL1wvbWFrYWxvLnNpdGVcL3dwLWNvbnRlbnRcL3VwbG9hZHNcLzIwMjFcLzEyXC9GaWd1cmVzLWdlb21ldHJpcXVlcy02N3g2Ny0yLmpwZyIsInNsaWRlc2hvdyI6IjExZWU2N2UifQ%3D%3D\" href='https:\/\/makalo.site\/wp-content\/uploads\/2021\/12\/Figures-geometriques-67x67-2.jpg'><img decoding=\"async\" width=\"300\" height=\"295\" src=\"https:\/\/makalo.site\/wp-content\/uploads\/2021\/12\/Figures-geometriques-67x67-2-300x295.jpg\" class=\"attachment-medium size-medium\" alt=\"\" aria-describedby=\"gallery-5-857\" srcset=\"https:\/\/makalo.site\/wp-content\/uploads\/2021\/12\/Figures-geometriques-67x67-2-300x295.jpg 300w, https:\/\/makalo.site\/wp-content\/uploads\/2021\/12\/Figures-geometriques-67x67-2-1024x1006.jpg 1024w, https:\/\/makalo.site\/wp-content\/uploads\/2021\/12\/Figures-geometriques-67x67-2-768x755.jpg 768w, https:\/\/makalo.site\/wp-content\/uploads\/2021\/12\/Figures-geometriques-67x67-2-1536x1509.jpg 1536w, https:\/\/makalo.site\/wp-content\/uploads\/2021\/12\/Figures-geometriques-67x67-2.jpg 2006w\" sizes=\"(max-width: 300px) 100vw, 300px\" \/><\/a>\n\t\t\t<\/div>\n\t\t\t\t<figcaption class='wp-caption-text gallery-caption' id='gallery-5-857'>\n\t\t\t\tFigures g\u00e9om\u00e9triques 67&#215;67\n\t\t\t\t<\/figcaption><\/figure><figure class='gallery-item'>\n\t\t\t<div class='gallery-icon portrait'>\n\t\t\t\t<a data-elementor-open-lightbox=\"yes\" data-elementor-lightbox-slideshow=\"11ee67e\" data-elementor-lightbox-title=\"Flammes qui dansent 45,5x55\" data-e-action-hash=\"#elementor-action%3Aaction%3Dlightbox%26settings%3DeyJpZCI6ODQzLCJ1cmwiOiJodHRwczpcL1wvbWFrYWxvLnNpdGVcL3dwLWNvbnRlbnRcL3VwbG9hZHNcLzIwMjFcLzEyXC9GbGFtbWVzLXF1aS1kYW5zZW50LTQ1NXg1NS0xLmpwZyIsInNsaWRlc2hvdyI6IjExZWU2N2UifQ%3D%3D\" href='https:\/\/makalo.site\/wp-content\/uploads\/2021\/12\/Flammes-qui-dansent-455x55-1.jpg'><img decoding=\"async\" width=\"251\" height=\"300\" src=\"https:\/\/makalo.site\/wp-content\/uploads\/2021\/12\/Flammes-qui-dansent-455x55-1-251x300.jpg\" class=\"attachment-medium size-medium\" alt=\"\" aria-describedby=\"gallery-5-843\" srcset=\"https:\/\/makalo.site\/wp-content\/uploads\/2021\/12\/Flammes-qui-dansent-455x55-1-251x300.jpg 251w, https:\/\/makalo.site\/wp-content\/uploads\/2021\/12\/Flammes-qui-dansent-455x55-1-855x1024.jpg 855w, https:\/\/makalo.site\/wp-content\/uploads\/2021\/12\/Flammes-qui-dansent-455x55-1-768x920.jpg 768w, https:\/\/makalo.site\/wp-content\/uploads\/2021\/12\/Flammes-qui-dansent-455x55-1-1283x1536.jpg 1283w, https:\/\/makalo.site\/wp-content\/uploads\/2021\/12\/Flammes-qui-dansent-455x55-1-1710x2048.jpg 1710w, https:\/\/makalo.site\/wp-content\/uploads\/2021\/12\/Flammes-qui-dansent-455x55-1.jpg 1949w\" sizes=\"(max-width: 251px) 100vw, 251px\" \/><\/a>\n\t\t\t<\/div>\n\t\t\t\t<figcaption class='wp-caption-text gallery-caption' id='gallery-5-843'>\n\t\t\t\tFlammes qui dansent 45,5&#215;55\n\t\t\t\t<\/figcaption><\/figure><figure class='gallery-item'>\n\t\t\t<div class='gallery-icon portrait'>\n\t\t\t\t<a data-elementor-open-lightbox=\"yes\" data-elementor-lightbox-slideshow=\"11ee67e\" data-elementor-lightbox-title=\"Flammes 59,5x80,5\" data-e-action-hash=\"#elementor-action%3Aaction%3Dlightbox%26settings%3DeyJpZCI6ODQxLCJ1cmwiOiJodHRwczpcL1wvbWFrYWxvLnNpdGVcL3dwLWNvbnRlbnRcL3VwbG9hZHNcLzIwMjFcLzEyXC9GbGFtbWVzLTU5NXg4MDUtMS1zY2FsZWQuanBnIiwic2xpZGVzaG93IjoiMTFlZTY3ZSJ9\" href='https:\/\/makalo.site\/wp-content\/uploads\/2021\/12\/Flammes-595x805-1-scaled.jpg'><img loading=\"lazy\" decoding=\"async\" width=\"219\" height=\"300\" src=\"https:\/\/makalo.site\/wp-content\/uploads\/2021\/12\/Flammes-595x805-1-219x300.jpg\" class=\"attachment-medium size-medium\" alt=\"\" aria-describedby=\"gallery-5-841\" srcset=\"https:\/\/makalo.site\/wp-content\/uploads\/2021\/12\/Flammes-595x805-1-219x300.jpg 219w, https:\/\/makalo.site\/wp-content\/uploads\/2021\/12\/Flammes-595x805-1-748x1024.jpg 748w, https:\/\/makalo.site\/wp-content\/uploads\/2021\/12\/Flammes-595x805-1-768x1052.jpg 768w, https:\/\/makalo.site\/wp-content\/uploads\/2021\/12\/Flammes-595x805-1-1122x1536.jpg 1122w, https:\/\/makalo.site\/wp-content\/uploads\/2021\/12\/Flammes-595x805-1-1495x2048.jpg 1495w, https:\/\/makalo.site\/wp-content\/uploads\/2021\/12\/Flammes-595x805-1-scaled.jpg 1869w\" sizes=\"(max-width: 219px) 100vw, 219px\" \/><\/a>\n\t\t\t<\/div>\n\t\t\t\t<figcaption class='wp-caption-text gallery-caption' id='gallery-5-841'>\n\t\t\t\tFlammes 59,5&#215;80,5\n\t\t\t\t<\/figcaption><\/figure><figure class='gallery-item'>\n\t\t\t<div class='gallery-icon landscape'>\n\t\t\t\t<a data-elementor-open-lightbox=\"yes\" data-elementor-lightbox-slideshow=\"11ee67e\" data-elementor-lightbox-title=\"Le chaos 54,5x44,5\" data-e-action-hash=\"#elementor-action%3Aaction%3Dlightbox%26settings%3DeyJpZCI6ODE4LCJ1cmwiOiJodHRwczpcL1wvbWFrYWxvLnNpdGVcL3dwLWNvbnRlbnRcL3VwbG9hZHNcLzIwMjFcLzEyXC9MZS1jaGFvcy01NDV4NDQ1LTEtc2NhbGVkLmpwZyIsInNsaWRlc2hvdyI6IjExZWU2N2UifQ%3D%3D\" href='https:\/\/makalo.site\/wp-content\/uploads\/2021\/12\/Le-chaos-545x445-1-scaled.jpg'><img loading=\"lazy\" decoding=\"async\" width=\"300\" height=\"229\" src=\"https:\/\/makalo.site\/wp-content\/uploads\/2021\/12\/Le-chaos-545x445-1-300x229.jpg\" class=\"attachment-medium size-medium\" alt=\"\" aria-describedby=\"gallery-5-818\" srcset=\"https:\/\/makalo.site\/wp-content\/uploads\/2021\/12\/Le-chaos-545x445-1-300x229.jpg 300w, https:\/\/makalo.site\/wp-content\/uploads\/2021\/12\/Le-chaos-545x445-1-1024x780.jpg 1024w, https:\/\/makalo.site\/wp-content\/uploads\/2021\/12\/Le-chaos-545x445-1-768x585.jpg 768w, https:\/\/makalo.site\/wp-content\/uploads\/2021\/12\/Le-chaos-545x445-1-1536x1171.jpg 1536w, https:\/\/makalo.site\/wp-content\/uploads\/2021\/12\/Le-chaos-545x445-1-2048x1561.jpg 2048w\" sizes=\"(max-width: 300px) 100vw, 300px\" \/><\/a>\n\t\t\t<\/div>\n\t\t\t\t<figcaption class='wp-caption-text gallery-caption' id='gallery-5-818'>\n\t\t\t\tLe chaos 54,5&#215;44,5\n\t\t\t\t<\/figcaption><\/figure><figure class='gallery-item'>\n\t\t\t<div class='gallery-icon portrait'>\n\t\t\t\t<a data-elementor-open-lightbox=\"yes\" data-elementor-lightbox-slideshow=\"11ee67e\" data-elementor-lightbox-title=\"Les plan\u00e8tes 50x90\" data-e-action-hash=\"#elementor-action%3Aaction%3Dlightbox%26settings%3DeyJpZCI6ODEsInVybCI6Imh0dHBzOlwvXC9tYWthbG8uc2l0ZVwvd3AtY29udGVudFwvdXBsb2Fkc1wvMjAyMVwvMTFcL0xlcy1wbGFuZXRlcy01MHg5MC0xLXNjYWxlZC5qcGciLCJzbGlkZXNob3ciOiIxMWVlNjdlIn0%3D\" href='https:\/\/makalo.site\/wp-content\/uploads\/2021\/11\/Les-planetes-50x90-1-scaled.jpg'><img loading=\"lazy\" decoding=\"async\" width=\"149\" height=\"300\" src=\"https:\/\/makalo.site\/wp-content\/uploads\/2021\/11\/Les-planetes-50x90-1-149x300.jpg\" class=\"attachment-medium size-medium\" alt=\"\" aria-describedby=\"gallery-5-81\" srcset=\"https:\/\/makalo.site\/wp-content\/uploads\/2021\/11\/Les-planetes-50x90-1-149x300.jpg 149w, https:\/\/makalo.site\/wp-content\/uploads\/2021\/11\/Les-planetes-50x90-1-509x1024.jpg 509w, https:\/\/makalo.site\/wp-content\/uploads\/2021\/11\/Les-planetes-50x90-1-768x1546.jpg 768w, https:\/\/makalo.site\/wp-content\/uploads\/2021\/11\/Les-planetes-50x90-1-763x1536.jpg 763w, https:\/\/makalo.site\/wp-content\/uploads\/2021\/11\/Les-planetes-50x90-1-1017x2048.jpg 1017w, https:\/\/makalo.site\/wp-content\/uploads\/2021\/11\/Les-planetes-50x90-1-1200x2416.jpg 1200w, https:\/\/makalo.site\/wp-content\/uploads\/2021\/11\/Les-planetes-50x90-1-scaled.jpg 1271w\" sizes=\"(max-width: 149px) 100vw, 149px\" \/><\/a>\n\t\t\t<\/div>\n\t\t\t\t<figcaption class='wp-caption-text gallery-caption' id='gallery-5-81'>\n\t\t\t\tLes plan\u00e8tes 50&#215;90\n\t\t\t\t<\/figcaption><\/figure><figure class='gallery-item'>\n\t\t\t<div class='gallery-icon portrait'>\n\t\t\t\t<a data-elementor-open-lightbox=\"yes\" data-elementor-lightbox-slideshow=\"11ee67e\" data-elementor-lightbox-title=\"For\u00eat de clous 67x67\" data-e-action-hash=\"#elementor-action%3Aaction%3Dlightbox%26settings%3DeyJpZCI6Nzg5LCJ1cmwiOiJodHRwczpcL1wvbWFrYWxvLnNpdGVcL3dwLWNvbnRlbnRcL3VwbG9hZHNcLzIwMjFcLzEyXC9Gb3JldC1kZS1jbG91cy02N3g2Ny0zLmpwZyIsInNsaWRlc2hvdyI6IjExZWU2N2UifQ%3D%3D\" href='https:\/\/makalo.site\/wp-content\/uploads\/2021\/12\/Foret-de-clous-67x67-3.jpg'><img loading=\"lazy\" decoding=\"async\" width=\"300\" height=\"300\" src=\"https:\/\/makalo.site\/wp-content\/uploads\/2021\/12\/Foret-de-clous-67x67-3-300x300.jpg\" class=\"attachment-medium size-medium\" alt=\"\" aria-describedby=\"gallery-5-789\" srcset=\"https:\/\/makalo.site\/wp-content\/uploads\/2021\/12\/Foret-de-clous-67x67-3-300x300.jpg 300w, https:\/\/makalo.site\/wp-content\/uploads\/2021\/12\/Foret-de-clous-67x67-3-1020x1024.jpg 1020w, https:\/\/makalo.site\/wp-content\/uploads\/2021\/12\/Foret-de-clous-67x67-3-150x150.jpg 150w, https:\/\/makalo.site\/wp-content\/uploads\/2021\/12\/Foret-de-clous-67x67-3-768x771.jpg 768w, https:\/\/makalo.site\/wp-content\/uploads\/2021\/12\/Foret-de-clous-67x67-3-1531x1536.jpg 1531w, https:\/\/makalo.site\/wp-content\/uploads\/2021\/12\/Foret-de-clous-67x67-3-2041x2048.jpg 2041w\" sizes=\"(max-width: 300px) 100vw, 300px\" \/><\/a>\n\t\t\t<\/div>\n\t\t\t\t<figcaption class='wp-caption-text gallery-caption' id='gallery-5-789'>\n\t\t\t\tFor\u00eat de clous 67&#215;67\n\t\t\t\t<\/figcaption><\/figure>\n\t\t<\/div>\n\t\t<\/div>\n\t\t\t\t\t\t<\/div>\n\t\t\t\t<\/div>\n\t\t\t\t\t<\/div>\n\t\t<\/div>\n\t\t\t\t\t<\/div>\n\t\t<\/section>\n\t\t\t\t<\/div>\n\t\t","protected":false},"excerpt":{"rendered":"<p>Pops-Carmen 65&#215;81 Figures g\u00e9om\u00e9triques 67&#215;67 Flammes qui dansent 45,5&#215;55 Flammes 59,5&#215;80,5 Le chaos 54,5&#215;44,5 Les plan\u00e8tes 50&#215;90 For\u00eat de clous 67&#215;67<\/p>\n","protected":false},"author":1,"featured_media":0,"parent":167,"menu_order":0,"comment_status":"closed","ping_status":"closed","template":"","meta":{"om_disable_all_campaigns":false,"_monsterinsights_skip_tracking":false,"_monsterinsights_sitenote_active":false,"_monsterinsights_sitenote_note":"","_monsterinsights_sitenote_category":0,"footnotes":""},"class_list":["post-5588","page","type-page","status-publish","hentry"],"aioseo_notices":[],"_links":{"self":[{"href":"https:\/\/makalo.site\/index.php?rest_route=\/wp\/v2\/pages\/5588","targetHints":{"allow":["GET"]}}],"collection":[{"href":"https:\/\/makalo.site\/index.php?rest_route=\/wp\/v2\/pages"}],"about":[{"href":"https:\/\/makalo.site\/index.php?rest_route=\/wp\/v2\/types\/page"}],"author":[{"embeddable":true,"href":"https:\/\/makalo.site\/index.php?rest_route=\/wp\/v2\/users\/1"}],"replies":[{"embeddable":true,"href":"https:\/\/makalo.site\/index.php?rest_route=%2Fwp%2Fv2%2Fcomments&post=5588"}],"version-history":[{"count":10,"href":"https:\/\/makalo.site\/index.php?rest_route=\/wp\/v2\/pages\/5588\/revisions"}],"predecessor-version":[{"id":5670,"href":"https:\/\/makalo.site\/index.php?rest_route=\/wp\/v2\/pages\/5588\/revisions\/5670"}],"up":[{"embeddable":true,"href":"https:\/\/makalo.site\/index.php?rest_route=\/wp\/v2\/pages\/167"}],"wp:attachment":[{"href":"https:\/\/makalo.site\/index.php?rest_route=%2Fwp%2Fv2%2Fmedia&parent=5588"}],"curies":[{"name":"wp","href":"https:\/\/api.w.org\/{rel}","templated":true}]}}