{"id":5594,"date":"2024-12-02T15:50:10","date_gmt":"2024-12-02T14:50:10","guid":{"rendered":"https:\/\/makalo.site\/?page_id=5594"},"modified":"2024-12-16T14:29:51","modified_gmt":"2024-12-16T13:29:51","slug":"peinture-animal","status":"publish","type":"page","link":"https:\/\/makalo.site\/?page_id=5594","title":{"rendered":"Peinture Animal"},"content":{"rendered":"\t\t<div data-elementor-type=\"wp-page\" data-elementor-id=\"5594\" class=\"elementor elementor-5594\">\n\t\t\t\t\t\t<section class=\"elementor-section elementor-top-section elementor-element elementor-element-84acbe5 elementor-section-boxed elementor-section-height-default elementor-section-height-default\" data-id=\"84acbe5\" data-element_type=\"section\">\n\t\t\t\t\t\t<div class=\"elementor-container elementor-column-gap-default\">\n\t\t\t\t\t<div class=\"elementor-column elementor-col-100 elementor-top-column elementor-element elementor-element-950f29c\" data-id=\"950f29c\" data-element_type=\"column\">\n\t\t\t<div class=\"elementor-widget-wrap elementor-element-populated\">\n\t\t\t\t\t\t<div class=\"elementor-element elementor-element-c64d9cd elementor-widget elementor-widget-image-gallery\" data-id=\"c64d9cd\" data-element_type=\"widget\" data-widget_type=\"image-gallery.default\">\n\t\t\t\t<div class=\"elementor-widget-container\">\n\t\t\t\t\t\t\t<div class=\"elementor-image-gallery\">\n\t\t\t<div id='gallery-1' class='gallery galleryid-5594 gallery-columns-2 gallery-size-medium'><figure class='gallery-item'>\n\t\t\t<div class='gallery-icon portrait'>\n\t\t\t\t<a data-elementor-open-lightbox=\"yes\" data-elementor-lightbox-slideshow=\"c64d9cd\" data-elementor-lightbox-title=\"Les sardines 35x41\" data-e-action-hash=\"#elementor-action%3Aaction%3Dlightbox%26settings%3DeyJpZCI6ODE2LCJ1cmwiOiJodHRwczpcL1wvbWFrYWxvLnNpdGVcL3dwLWNvbnRlbnRcL3VwbG9hZHNcLzIwMjFcLzEyXC9MZXMtc2FyZGluZXMtMzV4NDEtMS1zY2FsZWQuanBnIiwic2xpZGVzaG93IjoiYzY0ZDljZCJ9\" href='https:\/\/makalo.site\/wp-content\/uploads\/2021\/12\/Les-sardines-35x41-1-scaled.jpg'><img fetchpriority=\"high\" decoding=\"async\" width=\"219\" height=\"300\" src=\"https:\/\/makalo.site\/wp-content\/uploads\/2021\/12\/Les-sardines-35x41-1-219x300.jpg\" class=\"attachment-medium size-medium\" alt=\"\" aria-describedby=\"gallery-1-816\" srcset=\"https:\/\/makalo.site\/wp-content\/uploads\/2021\/12\/Les-sardines-35x41-1-219x300.jpg 219w, https:\/\/makalo.site\/wp-content\/uploads\/2021\/12\/Les-sardines-35x41-1-747x1024.jpg 747w, https:\/\/makalo.site\/wp-content\/uploads\/2021\/12\/Les-sardines-35x41-1-768x1052.jpg 768w, https:\/\/makalo.site\/wp-content\/uploads\/2021\/12\/Les-sardines-35x41-1-1121x1536.jpg 1121w, https:\/\/makalo.site\/wp-content\/uploads\/2021\/12\/Les-sardines-35x41-1-1495x2048.jpg 1495w, https:\/\/makalo.site\/wp-content\/uploads\/2021\/12\/Les-sardines-35x41-1-scaled.jpg 1868w\" sizes=\"(max-width: 219px) 100vw, 219px\" \/><\/a>\n\t\t\t<\/div>\n\t\t\t\t<figcaption class='wp-caption-text gallery-caption' id='gallery-1-816'>\n\t\t\t\tLes sardines 35&#215;41\n\t\t\t\t<\/figcaption><\/figure><figure class='gallery-item'>\n\t\t\t<div class='gallery-icon landscape'>\n\t\t\t\t<a data-elementor-open-lightbox=\"yes\" data-elementor-lightbox-slideshow=\"c64d9cd\" data-elementor-lightbox-title=\"La poule  33x41\" data-e-action-hash=\"#elementor-action%3Aaction%3Dlightbox%26settings%3DeyJpZCI6ODExLCJ1cmwiOiJodHRwczpcL1wvbWFrYWxvLnNpdGVcL3dwLWNvbnRlbnRcL3VwbG9hZHNcLzIwMjFcLzEyXC9MYS1wb3VsZS1zY2FsZWQuanBnIiwic2xpZGVzaG93IjoiYzY0ZDljZCJ9\" href='https:\/\/makalo.site\/wp-content\/uploads\/2021\/12\/La-poule-scaled.jpg'><img decoding=\"async\" width=\"300\" height=\"236\" src=\"https:\/\/makalo.site\/wp-content\/uploads\/2021\/12\/La-poule-300x236.jpg\" class=\"attachment-medium size-medium\" alt=\"\" aria-describedby=\"gallery-1-811\" srcset=\"https:\/\/makalo.site\/wp-content\/uploads\/2021\/12\/La-poule-300x236.jpg 300w, https:\/\/makalo.site\/wp-content\/uploads\/2021\/12\/La-poule-1024x806.jpg 1024w, https:\/\/makalo.site\/wp-content\/uploads\/2021\/12\/La-poule-768x605.jpg 768w, https:\/\/makalo.site\/wp-content\/uploads\/2021\/12\/La-poule-1536x1210.jpg 1536w, https:\/\/makalo.site\/wp-content\/uploads\/2021\/12\/La-poule-2048x1613.jpg 2048w\" sizes=\"(max-width: 300px) 100vw, 300px\" \/><\/a>\n\t\t\t<\/div>\n\t\t\t\t<figcaption class='wp-caption-text gallery-caption' id='gallery-1-811'>\n\t\t\t\tLa poule 33&#215;41\n\t\t\t\t<\/figcaption><\/figure><figure class='gallery-item'>\n\t\t\t<div class='gallery-icon landscape'>\n\t\t\t\t<a data-elementor-open-lightbox=\"yes\" data-elementor-lightbox-slideshow=\"c64d9cd\" data-elementor-lightbox-title=\"Pigeons 50x61\" data-e-action-hash=\"#elementor-action%3Aaction%3Dlightbox%26settings%3DeyJpZCI6ODQ2LCJ1cmwiOiJodHRwczpcL1wvbWFrYWxvLnNpdGVcL3dwLWNvbnRlbnRcL3VwbG9hZHNcLzIwMjFcLzEyXC9QaWdlb25zLTUweDYxLTEtc2NhbGVkLmpwZyIsInNsaWRlc2hvdyI6ImM2NGQ5Y2QifQ%3D%3D\" href='https:\/\/makalo.site\/wp-content\/uploads\/2021\/12\/Pigeons-50x61-1-scaled.jpg'><img decoding=\"async\" width=\"300\" height=\"244\" src=\"https:\/\/makalo.site\/wp-content\/uploads\/2021\/12\/Pigeons-50x61-1-300x244.jpg\" class=\"attachment-medium size-medium\" alt=\"\" aria-describedby=\"gallery-1-846\" srcset=\"https:\/\/makalo.site\/wp-content\/uploads\/2021\/12\/Pigeons-50x61-1-300x244.jpg 300w, https:\/\/makalo.site\/wp-content\/uploads\/2021\/12\/Pigeons-50x61-1-1024x832.jpg 1024w, https:\/\/makalo.site\/wp-content\/uploads\/2021\/12\/Pigeons-50x61-1-768x624.jpg 768w, https:\/\/makalo.site\/wp-content\/uploads\/2021\/12\/Pigeons-50x61-1-1536x1247.jpg 1536w, https:\/\/makalo.site\/wp-content\/uploads\/2021\/12\/Pigeons-50x61-1-2048x1663.jpg 2048w\" sizes=\"(max-width: 300px) 100vw, 300px\" \/><\/a>\n\t\t\t<\/div>\n\t\t\t\t<figcaption class='wp-caption-text gallery-caption' id='gallery-1-846'>\n\t\t\t\tPigeons 50&#215;61\n\t\t\t\t<\/figcaption><\/figure><figure class='gallery-item'>\n\t\t\t<div class='gallery-icon portrait'>\n\t\t\t\t<a data-elementor-open-lightbox=\"yes\" data-elementor-lightbox-slideshow=\"c64d9cd\" data-elementor-lightbox-title=\"Li\u00e8vre d&#039;argent\" data-e-action-hash=\"#elementor-action%3Aaction%3Dlightbox%26settings%3DeyJpZCI6ODYsInVybCI6Imh0dHBzOlwvXC9tYWthbG8uc2l0ZVwvd3AtY29udGVudFwvdXBsb2Fkc1wvMjAyMVwvMTFcL0xpZXZyZS1kYXJnZW50LXNjYWxlZC5qcGciLCJzbGlkZXNob3ciOiJjNjRkOWNkIn0%3D\" href='https:\/\/makalo.site\/wp-content\/uploads\/2021\/11\/Lievre-dargent-scaled.jpg'><img loading=\"lazy\" decoding=\"async\" width=\"209\" height=\"300\" src=\"https:\/\/makalo.site\/wp-content\/uploads\/2021\/11\/Lievre-dargent-209x300.jpg\" class=\"attachment-medium size-medium\" alt=\"\" aria-describedby=\"gallery-1-86\" srcset=\"https:\/\/makalo.site\/wp-content\/uploads\/2021\/11\/Lievre-dargent-209x300.jpg 209w, https:\/\/makalo.site\/wp-content\/uploads\/2021\/11\/Lievre-dargent-714x1024.jpg 714w, https:\/\/makalo.site\/wp-content\/uploads\/2021\/11\/Lievre-dargent-768x1101.jpg 768w, https:\/\/makalo.site\/wp-content\/uploads\/2021\/11\/Lievre-dargent-1072x1536.jpg 1072w, https:\/\/makalo.site\/wp-content\/uploads\/2021\/11\/Lievre-dargent-1429x2048.jpg 1429w, https:\/\/makalo.site\/wp-content\/uploads\/2021\/11\/Lievre-dargent-1200x1720.jpg 1200w, https:\/\/makalo.site\/wp-content\/uploads\/2021\/11\/Lievre-dargent-1980x2838.jpg 1980w, https:\/\/makalo.site\/wp-content\/uploads\/2021\/11\/Lievre-dargent-scaled.jpg 1786w\" sizes=\"(max-width: 209px) 100vw, 209px\" \/><\/a>\n\t\t\t<\/div>\n\t\t\t\t<figcaption class='wp-caption-text gallery-caption' id='gallery-1-86'>\n\t\t\t\tLi\u00e8vre d&rsquo;argent\n\t\t\t\t<\/figcaption><\/figure><figure class='gallery-item'>\n\t\t\t<div class='gallery-icon portrait'>\n\t\t\t\t<a data-elementor-open-lightbox=\"yes\" data-elementor-lightbox-slideshow=\"c64d9cd\" data-elementor-lightbox-title=\"Le dindon\" data-e-action-hash=\"#elementor-action%3Aaction%3Dlightbox%26settings%3DeyJpZCI6ODg4LCJ1cmwiOiJodHRwczpcL1wvbWFrYWxvLnNpdGVcL3dwLWNvbnRlbnRcL3VwbG9hZHNcLzIwMjFcLzEyXC9MZS1kaW5kb24tc2NhbGVkLmpwZyIsInNsaWRlc2hvdyI6ImM2NGQ5Y2QifQ%3D%3D\" href='https:\/\/makalo.site\/wp-content\/uploads\/2021\/12\/Le-dindon-scaled.jpg'><img loading=\"lazy\" decoding=\"async\" width=\"224\" height=\"300\" src=\"https:\/\/makalo.site\/wp-content\/uploads\/2021\/12\/Le-dindon-224x300.jpg\" class=\"attachment-medium size-medium\" alt=\"\" aria-describedby=\"gallery-1-888\" srcset=\"https:\/\/makalo.site\/wp-content\/uploads\/2021\/12\/Le-dindon-224x300.jpg 224w, https:\/\/makalo.site\/wp-content\/uploads\/2021\/12\/Le-dindon-765x1024.jpg 765w, https:\/\/makalo.site\/wp-content\/uploads\/2021\/12\/Le-dindon-768x1028.jpg 768w, https:\/\/makalo.site\/wp-content\/uploads\/2021\/12\/Le-dindon-1148x1536.jpg 1148w, https:\/\/makalo.site\/wp-content\/uploads\/2021\/12\/Le-dindon-1530x2048.jpg 1530w, https:\/\/makalo.site\/wp-content\/uploads\/2021\/12\/Le-dindon-scaled.jpg 1913w\" sizes=\"(max-width: 224px) 100vw, 224px\" \/><\/a>\n\t\t\t<\/div>\n\t\t\t\t<figcaption class='wp-caption-text gallery-caption' id='gallery-1-888'>\n\t\t\t\tLe dindon\n\t\t\t\t<\/figcaption><\/figure><figure class='gallery-item'>\n\t\t\t<div class='gallery-icon portrait'>\n\t\t\t\t<a data-elementor-open-lightbox=\"yes\" data-elementor-lightbox-slideshow=\"c64d9cd\" data-elementor-lightbox-title=\"L&#039;escargot 67x67\" data-e-action-hash=\"#elementor-action%3Aaction%3Dlightbox%26settings%3DeyJpZCI6NzkwLCJ1cmwiOiJodHRwczpcL1wvbWFrYWxvLnNpdGVcL3dwLWNvbnRlbnRcL3VwbG9hZHNcLzIwMjFcLzEyXC9MZXNjYXJnb3QtNjd4NjctMS5qcGciLCJzbGlkZXNob3ciOiJjNjRkOWNkIn0%3D\" href='https:\/\/makalo.site\/wp-content\/uploads\/2021\/12\/Lescargot-67x67-1.jpg'><img loading=\"lazy\" decoding=\"async\" width=\"300\" height=\"300\" src=\"https:\/\/makalo.site\/wp-content\/uploads\/2021\/12\/Lescargot-67x67-1-300x300.jpg\" class=\"attachment-medium size-medium\" alt=\"\" aria-describedby=\"gallery-1-790\" srcset=\"https:\/\/makalo.site\/wp-content\/uploads\/2021\/12\/Lescargot-67x67-1-300x300.jpg 300w, https:\/\/makalo.site\/wp-content\/uploads\/2021\/12\/Lescargot-67x67-1-1021x1024.jpg 1021w, https:\/\/makalo.site\/wp-content\/uploads\/2021\/12\/Lescargot-67x67-1-150x150.jpg 150w, https:\/\/makalo.site\/wp-content\/uploads\/2021\/12\/Lescargot-67x67-1-768x770.jpg 768w, https:\/\/makalo.site\/wp-content\/uploads\/2021\/12\/Lescargot-67x67-1-1531x1536.jpg 1531w, https:\/\/makalo.site\/wp-content\/uploads\/2021\/12\/Lescargot-67x67-1-2042x2048.jpg 2042w\" sizes=\"(max-width: 300px) 100vw, 300px\" \/><\/a>\n\t\t\t<\/div>\n\t\t\t\t<figcaption class='wp-caption-text gallery-caption' id='gallery-1-790'>\n\t\t\t\tL&rsquo;escargot 67&#215;67\n\t\t\t\t<\/figcaption><\/figure><figure class='gallery-item'>\n\t\t\t<div class='gallery-icon landscape'>\n\t\t\t\t<a data-elementor-open-lightbox=\"yes\" data-elementor-lightbox-slideshow=\"c64d9cd\" data-elementor-lightbox-title=\"Saute cam\u00e9l\u00e9on 120,5x82\" data-e-action-hash=\"#elementor-action%3Aaction%3Dlightbox%26settings%3DeyJpZCI6Nzc5LCJ1cmwiOiJodHRwczpcL1wvbWFrYWxvLnNpdGVcL3dwLWNvbnRlbnRcL3VwbG9hZHNcLzIwMjFcLzEyXC9TYXV0ZS1jYW1lbGVvbi0xMjA1eDgyLTEtc2NhbGVkLmpwZyIsInNsaWRlc2hvdyI6ImM2NGQ5Y2QifQ%3D%3D\" href='https:\/\/makalo.site\/wp-content\/uploads\/2021\/12\/Saute-cameleon-1205x82-1-scaled.jpg'><img loading=\"lazy\" decoding=\"async\" width=\"300\" height=\"197\" src=\"https:\/\/makalo.site\/wp-content\/uploads\/2021\/12\/Saute-cameleon-1205x82-1-300x197.jpg\" class=\"attachment-medium size-medium\" alt=\"\" aria-describedby=\"gallery-1-779\" srcset=\"https:\/\/makalo.site\/wp-content\/uploads\/2021\/12\/Saute-cameleon-1205x82-1-300x197.jpg 300w, https:\/\/makalo.site\/wp-content\/uploads\/2021\/12\/Saute-cameleon-1205x82-1-1024x673.jpg 1024w, https:\/\/makalo.site\/wp-content\/uploads\/2021\/12\/Saute-cameleon-1205x82-1-768x505.jpg 768w, https:\/\/makalo.site\/wp-content\/uploads\/2021\/12\/Saute-cameleon-1205x82-1-1536x1009.jpg 1536w, https:\/\/makalo.site\/wp-content\/uploads\/2021\/12\/Saute-cameleon-1205x82-1-2048x1346.jpg 2048w\" sizes=\"(max-width: 300px) 100vw, 300px\" \/><\/a>\n\t\t\t<\/div>\n\t\t\t\t<figcaption class='wp-caption-text gallery-caption' id='gallery-1-779'>\n\t\t\t\tSaute cam\u00e9l\u00e9on 120,5&#215;82\n\t\t\t\t<\/figcaption><\/figure><figure class='gallery-item'>\n\t\t\t<div class='gallery-icon portrait'>\n\t\t\t\t<a data-elementor-open-lightbox=\"yes\" data-elementor-lightbox-slideshow=\"c64d9cd\" data-elementor-lightbox-title=\"L&#039;\u00e9l\u00e9phant 60,5x100\" data-e-action-hash=\"#elementor-action%3Aaction%3Dlightbox%26settings%3DeyJpZCI6ODg5LCJ1cmwiOiJodHRwczpcL1wvbWFrYWxvLnNpdGVcL3dwLWNvbnRlbnRcL3VwbG9hZHNcLzIwMjFcLzEyXC9MZWxlcGhhbnQtNjA1eDEwMC0xLXNjYWxlZC5qcGciLCJzbGlkZXNob3ciOiJjNjRkOWNkIn0%3D\" href='https:\/\/makalo.site\/wp-content\/uploads\/2021\/12\/Lelephant-605x100-1-scaled.jpg'><img loading=\"lazy\" decoding=\"async\" width=\"168\" height=\"300\" src=\"https:\/\/makalo.site\/wp-content\/uploads\/2021\/12\/Lelephant-605x100-1-168x300.jpg\" class=\"attachment-medium size-medium\" alt=\"\" aria-describedby=\"gallery-1-889\" srcset=\"https:\/\/makalo.site\/wp-content\/uploads\/2021\/12\/Lelephant-605x100-1-168x300.jpg 168w, https:\/\/makalo.site\/wp-content\/uploads\/2021\/12\/Lelephant-605x100-1-575x1024.jpg 575w, https:\/\/makalo.site\/wp-content\/uploads\/2021\/12\/Lelephant-605x100-1-768x1368.jpg 768w, https:\/\/makalo.site\/wp-content\/uploads\/2021\/12\/Lelephant-605x100-1-863x1536.jpg 863w, https:\/\/makalo.site\/wp-content\/uploads\/2021\/12\/Lelephant-605x100-1-1150x2048.jpg 1150w, https:\/\/makalo.site\/wp-content\/uploads\/2021\/12\/Lelephant-605x100-1-scaled.jpg 1438w\" sizes=\"(max-width: 168px) 100vw, 168px\" \/><\/a>\n\t\t\t<\/div>\n\t\t\t\t<figcaption class='wp-caption-text gallery-caption' id='gallery-1-889'>\n\t\t\t\tL&rsquo;\u00e9l\u00e9phant 60,5&#215;100\n\t\t\t\t<\/figcaption><\/figure>\n\t\t<\/div>\n\t\t<\/div>\n\t\t\t\t\t\t<\/div>\n\t\t\t\t<\/div>\n\t\t\t\t\t<\/div>\n\t\t<\/div>\n\t\t\t\t\t<\/div>\n\t\t<\/section>\n\t\t\t\t<\/div>\n\t\t","protected":false},"excerpt":{"rendered":"<p>Les sardines 35&#215;41 La poule 33&#215;41 Pigeons 50&#215;61 Li\u00e8vre d&rsquo;argent Le dindon L&rsquo;escargot 67&#215;67 Saute cam\u00e9l\u00e9on 120,5&#215;82 L&rsquo;\u00e9l\u00e9phant 60,5&#215;100<\/p>\n","protected":false},"author":1,"featured_media":0,"parent":167,"menu_order":0,"comment_status":"closed","ping_status":"closed","template":"templates\/template_page-full-width.php","meta":{"om_disable_all_campaigns":false,"_monsterinsights_skip_tracking":false,"_monsterinsights_sitenote_active":false,"_monsterinsights_sitenote_note":"","_monsterinsights_sitenote_category":0,"footnotes":""},"class_list":["post-5594","page","type-page","status-publish","hentry"],"aioseo_notices":[],"_links":{"self":[{"href":"https:\/\/makalo.site\/index.php?rest_route=\/wp\/v2\/pages\/5594","targetHints":{"allow":["GET"]}}],"collection":[{"href":"https:\/\/makalo.site\/index.php?rest_route=\/wp\/v2\/pages"}],"about":[{"href":"https:\/\/makalo.site\/index.php?rest_route=\/wp\/v2\/types\/page"}],"author":[{"embeddable":true,"href":"https:\/\/makalo.site\/index.php?rest_route=\/wp\/v2\/users\/1"}],"replies":[{"embeddable":true,"href":"https:\/\/makalo.site\/index.php?rest_route=%2Fwp%2Fv2%2Fcomments&post=5594"}],"version-history":[{"count":7,"href":"https:\/\/makalo.site\/index.php?rest_route=\/wp\/v2\/pages\/5594\/revisions"}],"predecessor-version":[{"id":5658,"href":"https:\/\/makalo.site\/index.php?rest_route=\/wp\/v2\/pages\/5594\/revisions\/5658"}],"up":[{"embeddable":true,"href":"https:\/\/makalo.site\/index.php?rest_route=\/wp\/v2\/pages\/167"}],"wp:attachment":[{"href":"https:\/\/makalo.site\/index.php?rest_route=%2Fwp%2Fv2%2Fmedia&parent=5594"}],"curies":[{"name":"wp","href":"https:\/\/api.w.org\/{rel}","templated":true}]}}